{"id":698,"date":"2018-09-30T21:44:48","date_gmt":"2018-09-30T19:44:48","guid":{"rendered":"https:\/\/www.logistik-telematik.de\/?page_id=698"},"modified":"2023-10-05T14:17:16","modified_gmt":"2023-10-05T12:17:16","slug":"ueber-die-tis-gmbh","status":"publish","type":"page","link":"https:\/\/www.logistik-telematik.de\/de\/ueber-die-tis-gmbh\/","title":{"rendered":"\u00dcber die TIS GmbH"},"content":{"rendered":"\n<h3>\n\t\tDie TIS GmbH in Bocholt\n\t<\/h3>\n\t<p><em>&#8222;Unsere Arbeit ist gepr\u00e4gt von der Begeisterung f\u00fcr Technik, dem Bewusstsein zu den Innovationsf\u00fchrern der Branche zu geh\u00f6ren, aber auch dem Willen, f\u00fcr allt\u00e4gliche Herausforderungen der Kunden wirklich praktikable L\u00f6sungen zu finden.&#8220;<\/em><\/p>\n<p>&nbsp;<\/p>\n<p>Die TIS Technische Informationssysteme GmbH wird 1985 von Josef Bielefeld in Bocholt gegr\u00fcndet. Von Anfang an konzentriert sich der Telematikanbieter darauf, Fachwissen, handfeste Erfahrung und die Passion f\u00fcr wegweisende Technologien zu verkn\u00fcpfen.<\/p>\n<p>Die Kombination \u00fcberzeugt: Die TIS GmbH entwickelt sich zum Technologief\u00fchrer auf dem Gebiet der Funkkommunikation.<\/p>\n<p>Heute besch\u00e4ftigt die TIS GmbH mehr als 100 Mitarbeiter am Firmensitz im Technologiepark Bocholt. Das Unternehmen entwickelt intelligente Produkte f\u00fcr das mobile Auftragsmanagement in der Logistik.<\/p>\n<p>Software und Hardware von TIS sind bei nationalen und internationalen Kunden im Einsatz.<\/p>\n\t\t\t<a href=\"https:\/\/www.tis-gmbh.de\/das-telematik-unternehmen\/\" target=\"_blank\" rel=\"noopener\">\n\t\t\t\t\t\t\tMehr \u00fcber die TIS GmbH\n\t\t\t\t\t<\/a>\n\t<p><i>Hintergrundbild: TIS Tower, Firmensitz der TIS GmbH in Bocholt<\/i><\/p>\n\n","protected":false},"excerpt":{"rendered":"<p>Die TIS GmbH in Bocholt &#8222;Unsere Arbeit ist gepr\u00e4gt von der Begeisterung f\u00fcr Technik, dem Bewusstsein zu den Innovationsf\u00fchrern der Branche zu geh\u00f6ren, aber auch dem Willen, f\u00fcr allt\u00e4gliche Herausforderungen&hellip;<\/p>\n","protected":false},"author":1,"featured_media":0,"parent":0,"menu_order":0,"comment_status":"closed","ping_status":"closed","template":"","meta":{"footnotes":""},"class_list":["post-698","page","type-page","status-publish","hentry"],"yoast_head":"<!-- This site is optimized with the Yoast SEO plugin v27.5 - https:\/\/yoast.com\/product\/yoast-seo-wordpress\/ -->\n<title>Webinare und Schulungen f\u00fcr Ihre Logistik | \u00dcber die TIS GmbH<\/title>\n<meta name=\"description\" content=\"Webinare und Schulungen der TIS GmbH f\u00fcr Ihre Logistik. Erfahren Sie mehr \u00fcber den Telematikanbieter aus Bocholt - seit \u00fcber 30 Jahren clevere L\u00f6sungen!\" \/>\n<meta name=\"robots\" content=\"index, follow, max-snippet:-1, max-image-preview:large, max-video-preview:-1\" \/>\n<link rel=\"canonical\" href=\"https:\/\/www.logistik-telematik.de\/de\/ueber-die-tis-gmbh\/\" \/>\n<meta property=\"og:locale\" content=\"de_DE\" \/>\n<meta property=\"og:type\" content=\"article\" \/>\n<meta property=\"og:title\" content=\"Webinare und Schulungen f\u00fcr Ihre Logistik | \u00dcber die TIS GmbH\" \/>\n<meta property=\"og:description\" content=\"Webinare und Schulungen der TIS GmbH f\u00fcr Ihre Logistik. Erfahren Sie mehr \u00fcber den Telematikanbieter aus Bocholt - seit \u00fcber 30 Jahren clevere L\u00f6sungen!\" \/>\n<meta property=\"og:url\" content=\"https:\/\/www.logistik-telematik.de\/de\/ueber-die-tis-gmbh\/\" \/>\n<meta property=\"og:site_name\" content=\"Webinare und Schulungen der TIS GmbH\" \/>\n<meta property=\"article:modified_time\" content=\"2023-10-05T12:17:16+00:00\" \/>\n<meta name=\"twitter:card\" content=\"summary_large_image\" \/>\n<meta name=\"twitter:label1\" content=\"Gesch\u00e4tzte Lesezeit\" \/>\n\t<meta name=\"twitter:data1\" content=\"1\u00a0Minute\" \/>\n<script type=\"application\/ld+json\" class=\"yoast-schema-graph\">{\"@context\":\"https:\\\/\\\/schema.org\",\"@graph\":[{\"@type\":\"WebPage\",\"@id\":\"https:\\\/\\\/www.logistik-telematik.de\\\/de\\\/ueber-die-tis-gmbh\\\/\",\"url\":\"https:\\\/\\\/www.logistik-telematik.de\\\/de\\\/ueber-die-tis-gmbh\\\/\",\"name\":\"Webinare und Schulungen f\u00fcr Ihre Logistik | \u00dcber die TIS GmbH\",\"isPartOf\":{\"@id\":\"https:\\\/\\\/www.logistik-telematik.de\\\/#website\"},\"datePublished\":\"2018-09-30T19:44:48+00:00\",\"dateModified\":\"2023-10-05T12:17:16+00:00\",\"description\":\"Webinare und Schulungen der TIS GmbH f\u00fcr Ihre Logistik. Erfahren Sie mehr \u00fcber den Telematikanbieter aus Bocholt - seit \u00fcber 30 Jahren clevere L\u00f6sungen!\",\"breadcrumb\":{\"@id\":\"https:\\\/\\\/www.logistik-telematik.de\\\/de\\\/ueber-die-tis-gmbh\\\/#breadcrumb\"},\"inLanguage\":\"de\",\"potentialAction\":[{\"@type\":\"ReadAction\",\"target\":[\"https:\\\/\\\/www.logistik-telematik.de\\\/de\\\/ueber-die-tis-gmbh\\\/\"]}]},{\"@type\":\"BreadcrumbList\",\"@id\":\"https:\\\/\\\/www.logistik-telematik.de\\\/de\\\/ueber-die-tis-gmbh\\\/#breadcrumb\",\"itemListElement\":[{\"@type\":\"ListItem\",\"position\":1,\"name\":\"Home\",\"item\":\"https:\\\/\\\/www.logistik-telematik.de\\\/de\\\/\"},{\"@type\":\"ListItem\",\"position\":2,\"name\":\"\u00dcber die TIS GmbH\"}]},{\"@type\":\"WebSite\",\"@id\":\"https:\\\/\\\/www.logistik-telematik.de\\\/#website\",\"url\":\"https:\\\/\\\/www.logistik-telematik.de\\\/\",\"name\":\"Webinare und Schulungen der TIS GmbH\",\"description\":\"My WordPress Blog\",\"potentialAction\":[{\"@type\":\"SearchAction\",\"target\":{\"@type\":\"EntryPoint\",\"urlTemplate\":\"https:\\\/\\\/www.logistik-telematik.de\\\/?s={search_term_string}\"},\"query-input\":{\"@type\":\"PropertyValueSpecification\",\"valueRequired\":true,\"valueName\":\"search_term_string\"}}],\"inLanguage\":\"de\"}]}<\/script>\n<!-- \/ Yoast SEO plugin. -->","yoast_head_json":{"title":"Webinare und Schulungen f\u00fcr Ihre Logistik | \u00dcber die TIS GmbH","description":"Webinare und Schulungen der TIS GmbH f\u00fcr Ihre Logistik. Erfahren Sie mehr \u00fcber den Telematikanbieter aus Bocholt - seit \u00fcber 30 Jahren clevere L\u00f6sungen!","robots":{"index":"index","follow":"follow","max-snippet":"max-snippet:-1","max-image-preview":"max-image-preview:large","max-video-preview":"max-video-preview:-1"},"canonical":"https:\/\/www.logistik-telematik.de\/de\/ueber-die-tis-gmbh\/","og_locale":"de_DE","og_type":"article","og_title":"Webinare und Schulungen f\u00fcr Ihre Logistik | \u00dcber die TIS GmbH","og_description":"Webinare und Schulungen der TIS GmbH f\u00fcr Ihre Logistik. Erfahren Sie mehr \u00fcber den Telematikanbieter aus Bocholt - seit \u00fcber 30 Jahren clevere L\u00f6sungen!","og_url":"https:\/\/www.logistik-telematik.de\/de\/ueber-die-tis-gmbh\/","og_site_name":"Webinare und Schulungen der TIS GmbH","article_modified_time":"2023-10-05T12:17:16+00:00","twitter_card":"summary_large_image","twitter_misc":{"Gesch\u00e4tzte Lesezeit":"1\u00a0Minute"},"schema":{"@context":"https:\/\/schema.org","@graph":[{"@type":"WebPage","@id":"https:\/\/www.logistik-telematik.de\/de\/ueber-die-tis-gmbh\/","url":"https:\/\/www.logistik-telematik.de\/de\/ueber-die-tis-gmbh\/","name":"Webinare und Schulungen f\u00fcr Ihre Logistik | \u00dcber die TIS GmbH","isPartOf":{"@id":"https:\/\/www.logistik-telematik.de\/#website"},"datePublished":"2018-09-30T19:44:48+00:00","dateModified":"2023-10-05T12:17:16+00:00","description":"Webinare und Schulungen der TIS GmbH f\u00fcr Ihre Logistik. Erfahren Sie mehr \u00fcber den Telematikanbieter aus Bocholt - seit \u00fcber 30 Jahren clevere L\u00f6sungen!","breadcrumb":{"@id":"https:\/\/www.logistik-telematik.de\/de\/ueber-die-tis-gmbh\/#breadcrumb"},"inLanguage":"de","potentialAction":[{"@type":"ReadAction","target":["https:\/\/www.logistik-telematik.de\/de\/ueber-die-tis-gmbh\/"]}]},{"@type":"BreadcrumbList","@id":"https:\/\/www.logistik-telematik.de\/de\/ueber-die-tis-gmbh\/#breadcrumb","itemListElement":[{"@type":"ListItem","position":1,"name":"Home","item":"https:\/\/www.logistik-telematik.de\/de\/"},{"@type":"ListItem","position":2,"name":"\u00dcber die TIS GmbH"}]},{"@type":"WebSite","@id":"https:\/\/www.logistik-telematik.de\/#website","url":"https:\/\/www.logistik-telematik.de\/","name":"Webinare und Schulungen der TIS GmbH","description":"My WordPress Blog","potentialAction":[{"@type":"SearchAction","target":{"@type":"EntryPoint","urlTemplate":"https:\/\/www.logistik-telematik.de\/?s={search_term_string}"},"query-input":{"@type":"PropertyValueSpecification","valueRequired":true,"valueName":"search_term_string"}}],"inLanguage":"de"}]}},"_links":{"self":[{"href":"https:\/\/www.logistik-telematik.de\/de\/wp-json\/wp\/v2\/pages\/698","targetHints":{"allow":["GET"]}}],"collection":[{"href":"https:\/\/www.logistik-telematik.de\/de\/wp-json\/wp\/v2\/pages"}],"about":[{"href":"https:\/\/www.logistik-telematik.de\/de\/wp-json\/wp\/v2\/types\/page"}],"author":[{"embeddable":true,"href":"https:\/\/www.logistik-telematik.de\/de\/wp-json\/wp\/v2\/users\/1"}],"replies":[{"embeddable":true,"href":"https:\/\/www.logistik-telematik.de\/de\/wp-json\/wp\/v2\/comments?post=698"}],"version-history":[{"count":9,"href":"https:\/\/www.logistik-telematik.de\/de\/wp-json\/wp\/v2\/pages\/698\/revisions"}],"predecessor-version":[{"id":5460,"href":"https:\/\/www.logistik-telematik.de\/de\/wp-json\/wp\/v2\/pages\/698\/revisions\/5460"}],"wp:attachment":[{"href":"https:\/\/www.logistik-telematik.de\/de\/wp-json\/wp\/v2\/media?parent=698"}],"curies":[{"name":"wp","href":"https:\/\/api.w.org\/{rel}","templated":true}]}}