{"id":462,"date":"2018-07-28T21:32:35","date_gmt":"2018-07-28T19:32:35","guid":{"rendered":"https:\/\/www.logistik-telematik.de\/?page_id=462"},"modified":"2025-03-26T16:53:41","modified_gmt":"2025-03-26T15:53:41","slug":"faq","status":"publish","type":"page","link":"https:\/\/www.logistik-telematik.de\/de\/faq\/","title":{"rendered":"FAQ"},"content":{"rendered":"\n<h3>\n\t\tH\u00e4ufig gestellte Fragen\n\t<\/h3>\n\t\t\t\t\t\t<h4>Sind Webinare immer kostenlos?<\/h4>\n\t\t\t<p>Ja, unsere Webinare sind kostenlos.<\/p>\n\t\t\t\t\t\t<h4>Was kosten die Schulungen?<\/h4>\n\t\t\t<h4>Teilnahmegeb\u00fchren f\u00fcr die TIS-Schulungen<strong><br \/><\/strong><\/h4>\n<p><strong>490,-<\/strong>\u00a0Euro\/ Teilnehmer<\/p>\n<p><strong>390,-<\/strong>\u00a0Euro\/ Teilnehmer f\u00fcr Servicevertragskunden<\/p>\n<p>Unsere Schulungen sind au\u00dferdem auch als Firmen-Schulungen buchbar. In diesen F\u00e4llen ermitteln wir Ihren speziellen Bedarf vorab und stimmen die Schulung darauf ab. Bei Interesse an unseren Firmenschulungen erfragen Sie bitte Ihr Angebot direkt bei uns.<\/p>\n\t\t\t\t\t\t<h4>Wer sind die Referenten?<\/h4>\n\t\t\t<p>Mehr Informationen \u00fcber unsere Referenten finden Sie <a href=\"https:\/\/www.logistik-telematik.de\/die-webinar-referenten\/\">HIER<\/a><\/p>\n\t\t\t\t\t\t<h4>In welchen Sprachen werden die Webinare angeboten?<\/h4>\n\t\t\t<p>Die Webinare sind aktuell nur auf Deutsch verf\u00fcgbar.\u00a0Bitte <a href=\"https:\/\/www.logistik-telematik.de\/de\/kontakt\/\">kontaktieren Sie uns<\/a>, falls Sie unsere Informationen in anderen Sprachen ben\u00f6tigen.<\/p>\n\t\t\t\t\t\t<h4>In welchen Sprachen werden die Schulungen angeboten?<\/h4>\n\t\t\t<p>Die Schulungen sind aktuell nur auf Deutsch verf\u00fcgbar. Bitte <a href=\"https:\/\/www.logistik-telematik.de\/de\/kontakt\/\">kontaktieren Sie uns<\/a>, falls Sie unser Schulungsangebot in anderen Sprachen ben\u00f6tigen.<\/p>\n\t\t\t\t\t\t<h4>Wie kann ich an einem Webinar teilnehmen?<\/h4>\n\t\t\t<p>Unsere Webinare finden \u00fcber die Plattform <a href=\"https:\/\/zoom.us\/\" target=\"_blank\" rel=\"noopener\">Zoom<\/a> im Internet statt. Sie nehmen teil, indem Sie sich von Ihrem eigenen PC aus <a href=\"https:\/\/zoom.us\/join\">in einen virtuellen Seminarraum einloggen<\/a>. Dort h\u00f6ren Sie den Referenten und bekommen wichtige Schaubilder eingeblendet. Sie bekommen auch die M\u00f6glichkeit, Fragen an den Referenten zu stellen.<\/p>\n<p>Um an der Zoom-Sitzung teilzunehmen, k\u00f6nnen Sie den <a href=\"https:\/\/zoom.us\/download\" target=\"_blank\" rel=\"noopener\">Zoom Desktop-Client herunterladen und installieren<\/a> oder direkt Ihren Browser benutzen.<br \/>Bitte beachten Sie, dass dazu ggf. Hilfe aus Ihrer IT-Abteilung n\u00f6tig sein k\u00f6nnte, falls Sie keine Berechtigung f\u00fcr Installationen haben sollten.<br \/>Um p\u00fcnktlich am Meeting teilnehmen zu k\u00f6nnen, empfehlen wir, die Installation rechtzeitig vorzunehmen.<\/p>\n<p>Anleitung f\u00fcr die Teilnahme an Zoom-Webinaren:<br \/><a href=\"https:\/\/support.zoom.us\/hc\/de\/articles\/201362193-An-einem-Meeting-teilnehmen#:~:text=Gehen%20Sie%20zu%20join.zoom,%C3%B6ffnen%2C%20um%20am%20Meeting%20teilzunehmen.\">An einem Meeting teilnehmen &#8211; Zoom Help Center<\/a><\/p>\n<p>Zoom-Webinar als Audiokonferenz beitreten (beispielsweise wenn der PC keine Lautsprecher hat):<br \/><a href=\"https:\/\/support.zoom.us\/hc\/de\/articles\/201362663-Per-Telefon-an-einem-Meeting-teilnehmen\">Per Telefon an einem Meeting teilnehmen &#8211; Zoom Help Center<\/a><\/p>\n<p>F\u00fcr die Ton\u00fcbertragung m\u00fcssen Lautsprecher oder Kopfh\u00f6rer an Ihrem PC angeschlossen sein! Bitte l\u00f6schen Sie Ihren Cache und nutzen Sie aktuelle Browser-Versionen von Chrome oder Firefox f\u00fcr unsere Onlineseminare. Im Anschlu\u00df an das Webinar bekommen Sie auf Wunsch die gezeigten Webinar-Unterlagen per Email zugeschickt.<\/p>\n<p><strong>Bitte melden Sie Ihre Teilnahme an!<\/strong><\/p>\n<p>Jeder Teilnehmer muss mit einer eigenen E-Mailadresse einzeln angemeldet werden.<br \/>Bitte beachten Sie, dass Sie mit Ihrer Anmeldung einwilligen, weitere Informationen von uns \u00fcber das aktuelle und k\u00fcnftige Webinare zu erhalten.<br \/>Diese Einwilligung k\u00f6nnen Sie selbstverst\u00e4ndlich jederzeit schriftlich per E-Mail an\u00a0<a href=\"mailto:marketing@tis-gmbh.de\">marketing@tis-gmbh.de<\/a>\u00a0widerrufen.<\/p>\n<p>Nutzen Sie f\u00fcr Ihre Anmeldung bitte das\u00a0Anmeldeformular\u00a0direkt auf der Seite des jeweiligen Webinars, an dem Sie teilnehmen m\u00f6chten.<br \/>Eine Anmeldung ist bis 2 Tage vor Webinarbeginn m\u00f6glich.<\/p>\n<p>Ein bis zwei Tage vor dem Webinar erhalten angemeldete Teilnehmer von uns die Zugangsdaten und Informationen zum Log-In per E-Mail zugestellt.<\/p>\n<p>Sollten Sie sich bereits angemeldet haben, diese Teilnahme-Einladung jedoch NICHT bis zum Vortag des Webinars erhalten haben, \u00fcberpr\u00fcfen Sie bitte auch Ihren SPAM-Filter oder\u00a0melden Sie sich bitte erneut an.<\/p>\n\t\t\t\t\t\t<h4>Wie kann ich an einer Schulung teilnehmen?<\/h4>\n\t\t\t<p>Nutzen Sie f\u00fcr Ihre Anmeldung bitte das\u00a0Anmeldeformular\u00a0direkt auf der Seite der jeweiligen Schulung, die Sie buchen m\u00f6chten. Ein TIS-Mitarbeiter wird Sie innerhalb weniger Tage kontaktieren, um die weiteren Details zu besprechen.<\/p>\n<p>Eine Anmeldung f\u00fcr unsere Schulungen ist bis zu 14 Tage vor dem Schulungstermin m\u00f6glich.<\/p>\n\t\t\t\t\t\t<h4>Wie funktioniert die Anmeldung?<\/h4>\n\t\t\t<p><strong>Das Anmeldeformular f\u00fcr die Webinare und Schulungen finden Sie direkt auf der Unterseite der jeweiligen Veranstaltung<\/strong>, f\u00fcr die Sie sich anmelden m\u00f6chten.\u00a0<br \/>W\u00e4hlen Sie also beispielsweise aus der Auflistung auf der Startseite die Veranstaltung aus, die Sie interessiert und klicken Sie diese an.\u00a0Auf der Unterseite der Veranstaltung, die sich nun \u00f6ffnet,\u00a0k\u00f6nnen Sie sich f\u00fcr genau diese Veranstaltung registrieren.<\/p>\n<p><img loading=\"lazy\" decoding=\"async\" src=\"https:\/\/www.logistik-telematik.de\/wp-content\/uploads\/2018\/10\/bild1.gif\" alt=\"\" width=\"600\" height=\"283\" \/><\/p>\n<p><strong><em>Abb.: Aus der \u00dcbersicht der Veranstaltungen gelangen Sie mit Klick auf die Veranstaltung Ihrer Wahl in die jeweilige Unterseite &#8230;<\/em><\/strong><\/p>\n<p><img loading=\"lazy\" decoding=\"async\" src=\"https:\/\/www.logistik-telematik.de\/wp-content\/uploads\/2018\/10\/bild2.gif\" alt=\"\" width=\"600\" height=\"426\" \/><\/p>\n<p><strong><em>Abb.: &#8230;\u00a0und k\u00f6nnen sich dort direkt f\u00fcr die Teilnahme an dieser Veranstaltung registrieren.<\/em><\/strong><\/p>\n\t\t\t\t\t\t<h4>Wie kann ich mich von einer Veranstaltung, f\u00fcr die ich registriert bin, abmelden?<\/h4>\n\t\t\t<p>Webinare<\/p>\n<p>Wenn Sie f\u00fcr ein Webinar angemeldet sind, dieses aber nicht wahrnehmen k\u00f6nnen, haben Sie die M\u00f6glichkeit, sich wieder abzumelden. Dazu besuchen Sie erneut die Unterseite des Webinars, f\u00fcr welches Sie sich angemeldet haben und\u00a0stornieren dort ganz einfach die Buchung. Nachdem Sie Ihre\u00a0E-Mailadresse eingesendet haben, erhalten Sie eine E-Mail mit dem Abmeldelink. Bitte klicken Sie auf den Link, um Ihren Abmeldewunsch zu best\u00e4tigen. Dieser doppelte Schritt ist notwendig, um zu verhindern, dass Sie aus Versehen von einer unserer Veranstaltungen, an der Sie teilnehmen wollten,\u00a0abgemeldet werden.<\/p>\n<p><img loading=\"lazy\" decoding=\"async\" src=\"https:\/\/www.logistik-telematik.de\/wp-content\/uploads\/2018\/10\/bild3.gif\" alt=\"\" width=\"600\" height=\"426\" \/><\/p>\n<p><em><strong>Abb.: Auch die Abmeldung funktioniert ganz einfach in zwei Schritten direkt \u00fcber die Unterseite der jeweiligen Veranstaltung.<\/strong><\/em><\/p>\n<p>Da die Teilnehmerzahl bei jedem Webinar auf 25 Sitze begrenzt ist, m\u00f6chten wir Sie bitten, diese Stornierungsm\u00f6glichkeit auch zu nutzen, wenn Sie nicht teilnehmen k\u00f6nnen. Damit erm\u00f6glichen Sie bei einem ausgebuchten Webinar vielleicht einer anderen interessierten Person, die keinen Platz mehr bekommen hat, doch noch teilzunehmen.<br \/>Vielen Dank!<\/p>\n<p>Schulungen<\/p>\n<p>Wenn Sie die Teilnahme an einer Schulung stornieren m\u00f6chten, <a href=\"https:\/\/www.logistik-telematik.de\/de\/kontakt\/\">wenden Sie sich bitte unter Angabe der Details (Schulung, Datum) direkt an uns<\/a>.<\/p>\n\t\t\t\t\t\t<h4>Bis wann kann ich mich f\u00fcr ein Webinar anmelden?<\/h4>\n\t\t\t<p>Die Anmeldung zu unseren Webinaren ist bis 2 Tage (48h) vor dem jeweiligen Webinar-Termin m\u00f6glich.<\/p>\n\t\t\t\t\t\t<h4>Bis wann kann ich mich f\u00fcr eine Schulung anmelden?<\/h4>\n\t\t\t<p>Anmeldeschlu\u00df f\u00fcr unsere Schulungen ist jeweils zwei Wochen (14 Tage) vor dem jeweiligen Schulungstermin.<\/p>\n\t\t\t\t\t\t<h4>Ich bekomme bei meiner Anmeldung die Information, dass das Webinar ausgebucht ist. Was kann ich tun?<\/h4>\n\t\t\t<p>Die Teilnehmerzahl bei unseren Webinaren ist auf 25 Teilnehmer begrenzt. Ist ein Webinar ausgebucht, sind leider f\u00fcr dieses Webinar keine weiteren Anmeldungen m\u00f6glich.<\/p>\n<p>\u00dcber das Jahr verteilt bieten wir aber f\u00fcr jedes Webinar mehrere Termine an. Sollte ein Webinar ausgebucht sein, empfehlen wir, im Webinarkalender nach einem alternativen Termin zu suchen.<\/p>\n\t\t\t\t\t\t<h4>Wie viele Personen k\u00f6nnen an einer Schulung teilnehmen?<\/h4>\n\t\t\t<p>Die Teilnehmerzahl bei unseren Schulungen ist auf 5 Teilnehmer begrenzt.<\/p>\n\t\t\t\t\t\t<h4>Ich bin zu einer Veranstaltung angemeldet und m\u00f6chte mich wieder abmelden. Wie funktioniert das?<\/h4>\n\t\t\t<p>Wenn Sie sich von einem Webinar abmelden m\u00f6chten, bei dem Sie sich zuvor angemeldet hatten, besuchen Sie bitte das jeweilige Webinar in unserem Kalender. Dort, wo sie sich zuvor angemeldet hatten, k\u00f6nnen Wie sich auch wieder abmelden.<\/p>\n<p>Alternativ k\u00f6nnen Sie <a href=\"https:\/\/www.logistik-telematik.de\/de\/kontakt\/\">uns kontaktieren<\/a> und unter Angabe des betreffenden Webinars Ihre Teilnahme formlos absagen.<\/p>\n\t\t\t\t\t\t<h4>Was ist TISLOG Logistics &#038; Mobility?<\/h4>\n\t\t\t<p>TISLOG Logistics &amp; Mobility ist unsere Softwarel\u00f6sung f\u00fcr Ihr mobiles Auftragsmanagement. Auf unserer Webseite <a href=\"https:\/\/www.tislog.de\/\" target=\"_blank\" rel=\"noopener\">www.tislog.de<\/a>\u00a0erfahren Sie mehr.<\/p>\n\t\t\t\t\t\t<h4>Ich habe weitere Fragen oder Probleme mit meiner Anmeldung. Wen kann ich kontaktieren?<\/h4>\n\t\t\t<p>Bei Fragen wenden Sie sich gern direkt an uns \u00fcber unser <a href=\"https:\/\/www.logistik-telematik.de\/kontakt\/\">Kontaktformular<\/a>.<\/p>\n\n","protected":false},"excerpt":{"rendered":"<p>H\u00e4ufig gestellte Fragen Sind Webinare immer kostenlos? Ja, unsere Webinare sind kostenlos. Was kosten die Schulungen? Teilnahmegeb\u00fchren f\u00fcr die TIS-Schulungen 490,-\u00a0Euro\/ Teilnehmer 390,-\u00a0Euro\/ Teilnehmer f\u00fcr Servicevertragskunden Unsere Schulungen sind au\u00dferdem&hellip;<\/p>\n","protected":false},"author":1,"featured_media":0,"parent":0,"menu_order":0,"comment_status":"closed","ping_status":"closed","template":"","meta":{"footnotes":""},"class_list":["post-462","page","type-page","status-publish","hentry"],"yoast_head":"<!-- This site is optimized with the Yoast SEO plugin v27.5 - https:\/\/yoast.com\/product\/yoast-seo-wordpress\/ -->\n<title>FAQ: Frequently Asked Questions about Logistics Webinars &amp; Training<\/title>\n<meta name=\"description\" content=\"In den FAQ finden sie Antworten auf die h\u00e4ufigsten Fragen zu den Logistik-Webinaren und Telematik-Schulungen der TIS GmbH in Bocholt.\" \/>\n<meta name=\"robots\" content=\"index, follow, max-snippet:-1, max-image-preview:large, max-video-preview:-1\" \/>\n<link rel=\"canonical\" href=\"https:\/\/www.logistik-telematik.de\/de\/faq\/\" \/>\n<meta property=\"og:locale\" content=\"de_DE\" \/>\n<meta property=\"og:type\" content=\"article\" \/>\n<meta property=\"og:title\" content=\"FAQ: Frequently Asked Questions about Logistics Webinars &amp; Training\" \/>\n<meta property=\"og:description\" content=\"In den FAQ finden sie Antworten auf die h\u00e4ufigsten Fragen zu den Logistik-Webinaren und Telematik-Schulungen der TIS GmbH in Bocholt.\" \/>\n<meta property=\"og:url\" content=\"https:\/\/www.logistik-telematik.de\/de\/faq\/\" \/>\n<meta property=\"og:site_name\" content=\"Webinare und Schulungen der TIS GmbH\" \/>\n<meta property=\"article:modified_time\" content=\"2025-03-26T15:53:41+00:00\" \/>\n<meta property=\"og:image\" content=\"https:\/\/www.logistik-telematik.de\/wp-content\/uploads\/2018\/10\/bild1.gif\" \/>\n<meta name=\"twitter:card\" content=\"summary_large_image\" \/>\n<meta name=\"twitter:label1\" content=\"Gesch\u00e4tzte Lesezeit\" \/>\n\t<meta name=\"twitter:data1\" content=\"5\u00a0Minuten\" \/>\n<script type=\"application\/ld+json\" class=\"yoast-schema-graph\">{\"@context\":\"https:\\\/\\\/schema.org\",\"@graph\":[{\"@type\":\"WebPage\",\"@id\":\"https:\\\/\\\/www.logistik-telematik.de\\\/de\\\/faq\\\/\",\"url\":\"https:\\\/\\\/www.logistik-telematik.de\\\/de\\\/faq\\\/\",\"name\":\"FAQ: Frequently Asked Questions about Logistics Webinars & Training\",\"isPartOf\":{\"@id\":\"https:\\\/\\\/www.logistik-telematik.de\\\/#website\"},\"primaryImageOfPage\":{\"@id\":\"https:\\\/\\\/www.logistik-telematik.de\\\/de\\\/faq\\\/#primaryimage\"},\"image\":{\"@id\":\"https:\\\/\\\/www.logistik-telematik.de\\\/de\\\/faq\\\/#primaryimage\"},\"thumbnailUrl\":\"https:\\\/\\\/www.logistik-telematik.de\\\/wp-content\\\/uploads\\\/2018\\\/10\\\/bild1.gif\",\"datePublished\":\"2018-07-28T19:32:35+00:00\",\"dateModified\":\"2025-03-26T15:53:41+00:00\",\"description\":\"In den FAQ finden sie Antworten auf die h\u00e4ufigsten Fragen zu den Logistik-Webinaren und Telematik-Schulungen der TIS GmbH in Bocholt.\",\"breadcrumb\":{\"@id\":\"https:\\\/\\\/www.logistik-telematik.de\\\/de\\\/faq\\\/#breadcrumb\"},\"inLanguage\":\"de\",\"potentialAction\":[{\"@type\":\"ReadAction\",\"target\":[\"https:\\\/\\\/www.logistik-telematik.de\\\/de\\\/faq\\\/\"]}]},{\"@type\":\"ImageObject\",\"inLanguage\":\"de\",\"@id\":\"https:\\\/\\\/www.logistik-telematik.de\\\/de\\\/faq\\\/#primaryimage\",\"url\":\"https:\\\/\\\/www.logistik-telematik.de\\\/wp-content\\\/uploads\\\/2018\\\/10\\\/bild1.gif\",\"contentUrl\":\"https:\\\/\\\/www.logistik-telematik.de\\\/wp-content\\\/uploads\\\/2018\\\/10\\\/bild1.gif\"},{\"@type\":\"BreadcrumbList\",\"@id\":\"https:\\\/\\\/www.logistik-telematik.de\\\/de\\\/faq\\\/#breadcrumb\",\"itemListElement\":[{\"@type\":\"ListItem\",\"position\":1,\"name\":\"Home\",\"item\":\"https:\\\/\\\/www.logistik-telematik.de\\\/de\\\/\"},{\"@type\":\"ListItem\",\"position\":2,\"name\":\"FAQ\"}]},{\"@type\":\"WebSite\",\"@id\":\"https:\\\/\\\/www.logistik-telematik.de\\\/#website\",\"url\":\"https:\\\/\\\/www.logistik-telematik.de\\\/\",\"name\":\"Webinare und Schulungen der TIS GmbH\",\"description\":\"My WordPress Blog\",\"potentialAction\":[{\"@type\":\"SearchAction\",\"target\":{\"@type\":\"EntryPoint\",\"urlTemplate\":\"https:\\\/\\\/www.logistik-telematik.de\\\/?s={search_term_string}\"},\"query-input\":{\"@type\":\"PropertyValueSpecification\",\"valueRequired\":true,\"valueName\":\"search_term_string\"}}],\"inLanguage\":\"de\"}]}<\/script>\n<!-- \/ Yoast SEO plugin. -->","yoast_head_json":{"title":"FAQ: Frequently Asked Questions about Logistics Webinars & Training","description":"In den FAQ finden sie Antworten auf die h\u00e4ufigsten Fragen zu den Logistik-Webinaren und Telematik-Schulungen der TIS GmbH in Bocholt.","robots":{"index":"index","follow":"follow","max-snippet":"max-snippet:-1","max-image-preview":"max-image-preview:large","max-video-preview":"max-video-preview:-1"},"canonical":"https:\/\/www.logistik-telematik.de\/de\/faq\/","og_locale":"de_DE","og_type":"article","og_title":"FAQ: Frequently Asked Questions about Logistics Webinars & Training","og_description":"In den FAQ finden sie Antworten auf die h\u00e4ufigsten Fragen zu den Logistik-Webinaren und Telematik-Schulungen der TIS GmbH in Bocholt.","og_url":"https:\/\/www.logistik-telematik.de\/de\/faq\/","og_site_name":"Webinare und Schulungen der TIS GmbH","article_modified_time":"2025-03-26T15:53:41+00:00","og_image":[{"url":"https:\/\/www.logistik-telematik.de\/wp-content\/uploads\/2018\/10\/bild1.gif","type":"","width":"","height":""}],"twitter_card":"summary_large_image","twitter_misc":{"Gesch\u00e4tzte Lesezeit":"5\u00a0Minuten"},"schema":{"@context":"https:\/\/schema.org","@graph":[{"@type":"WebPage","@id":"https:\/\/www.logistik-telematik.de\/de\/faq\/","url":"https:\/\/www.logistik-telematik.de\/de\/faq\/","name":"FAQ: Frequently Asked Questions about Logistics Webinars & Training","isPartOf":{"@id":"https:\/\/www.logistik-telematik.de\/#website"},"primaryImageOfPage":{"@id":"https:\/\/www.logistik-telematik.de\/de\/faq\/#primaryimage"},"image":{"@id":"https:\/\/www.logistik-telematik.de\/de\/faq\/#primaryimage"},"thumbnailUrl":"https:\/\/www.logistik-telematik.de\/wp-content\/uploads\/2018\/10\/bild1.gif","datePublished":"2018-07-28T19:32:35+00:00","dateModified":"2025-03-26T15:53:41+00:00","description":"In den FAQ finden sie Antworten auf die h\u00e4ufigsten Fragen zu den Logistik-Webinaren und Telematik-Schulungen der TIS GmbH in Bocholt.","breadcrumb":{"@id":"https:\/\/www.logistik-telematik.de\/de\/faq\/#breadcrumb"},"inLanguage":"de","potentialAction":[{"@type":"ReadAction","target":["https:\/\/www.logistik-telematik.de\/de\/faq\/"]}]},{"@type":"ImageObject","inLanguage":"de","@id":"https:\/\/www.logistik-telematik.de\/de\/faq\/#primaryimage","url":"https:\/\/www.logistik-telematik.de\/wp-content\/uploads\/2018\/10\/bild1.gif","contentUrl":"https:\/\/www.logistik-telematik.de\/wp-content\/uploads\/2018\/10\/bild1.gif"},{"@type":"BreadcrumbList","@id":"https:\/\/www.logistik-telematik.de\/de\/faq\/#breadcrumb","itemListElement":[{"@type":"ListItem","position":1,"name":"Home","item":"https:\/\/www.logistik-telematik.de\/de\/"},{"@type":"ListItem","position":2,"name":"FAQ"}]},{"@type":"WebSite","@id":"https:\/\/www.logistik-telematik.de\/#website","url":"https:\/\/www.logistik-telematik.de\/","name":"Webinare und Schulungen der TIS GmbH","description":"My WordPress Blog","potentialAction":[{"@type":"SearchAction","target":{"@type":"EntryPoint","urlTemplate":"https:\/\/www.logistik-telematik.de\/?s={search_term_string}"},"query-input":{"@type":"PropertyValueSpecification","valueRequired":true,"valueName":"search_term_string"}}],"inLanguage":"de"}]}},"_links":{"self":[{"href":"https:\/\/www.logistik-telematik.de\/de\/wp-json\/wp\/v2\/pages\/462","targetHints":{"allow":["GET"]}}],"collection":[{"href":"https:\/\/www.logistik-telematik.de\/de\/wp-json\/wp\/v2\/pages"}],"about":[{"href":"https:\/\/www.logistik-telematik.de\/de\/wp-json\/wp\/v2\/types\/page"}],"author":[{"embeddable":true,"href":"https:\/\/www.logistik-telematik.de\/de\/wp-json\/wp\/v2\/users\/1"}],"replies":[{"embeddable":true,"href":"https:\/\/www.logistik-telematik.de\/de\/wp-json\/wp\/v2\/comments?post=462"}],"version-history":[{"count":14,"href":"https:\/\/www.logistik-telematik.de\/de\/wp-json\/wp\/v2\/pages\/462\/revisions"}],"predecessor-version":[{"id":5606,"href":"https:\/\/www.logistik-telematik.de\/de\/wp-json\/wp\/v2\/pages\/462\/revisions\/5606"}],"wp:attachment":[{"href":"https:\/\/www.logistik-telematik.de\/de\/wp-json\/wp\/v2\/media?parent=462"}],"curies":[{"name":"wp","href":"https:\/\/api.w.org\/{rel}","templated":true}]}}