{"id":194,"date":"2018-07-26T22:06:55","date_gmt":"2018-07-26T20:06:55","guid":{"rendered":"https:\/\/www.logistik-telematik.de\/?page_id=194"},"modified":"2023-09-11T02:09:09","modified_gmt":"2023-09-11T00:09:09","slug":"die-software-tislog-logistics-mobility","status":"publish","type":"page","link":"https:\/\/www.logistik-telematik.de\/de\/die-software-tislog-logistics-mobility\/","title":{"rendered":"Die Software: TISLOG Logistics &#038; Mobility"},"content":{"rendered":"\n<h2>\n\t\tTISLOG Logistics &#038; Mobility\n\t<\/h2>\n\t<h3>Bestleistung f\u00fcr Ihr mobiles Auftragsmanagement<\/h3>\n<p>TISLOG\u00a0Logistiksoftware\u00a0f\u00fcr Transport und Lager bietet Ihnen \u00fcberall dort, wo Warenfl\u00fcsse \u00fcberwacht und gesteuert werden m\u00fcssen, eine leistungsf\u00e4hige und flexible L\u00f6sung. Telematik und mobiles Auftragsmanagement mit System: TISLOG bietet Ihnen Komponenten f\u00fcr Ihre Fahrer unterwegs, Subunternehmer, Ihr Lager und Ihre Zentrale.<\/p>\nDie mobile TISLOG Software ist in Versionen f\u00fcr Windows, Android und als betriebssystemunabh\u00e4ngige L\u00f6sung erh\u00e4ltlich.<br \/>\nMit Hilfe zahlreicher Module kann die Software flexibel an den Bedarf Ihres Unternehmens angepasst werden. Schnittstellen erm\u00f6glichen die Anbindung an und Kommunikation mit Transportmanagementsystemen (TMS).<br \/>\nTISLOG integriert s\u00e4mtliche logistische Prozesse, von der Auftragsbearbeitung \u00fcber die l\u00fcckenlose Warenverfolgung bis zum kompletten Flottenmanagement.\n\t\t\t<a href=\"https:\/\/www.tislog.de\" target=\"_blank\" rel=\"noopener\">\n\t\t\t\t\t\t\tMehr \u00fcber TISLOG erfahren\n\t\t\t\t\t<\/a>\n\n","protected":false},"excerpt":{"rendered":"<p>TISLOG Logistics &#038; Mobility Bestleistung f\u00fcr Ihr mobiles Auftragsmanagement TISLOG\u00a0Logistiksoftware\u00a0f\u00fcr Transport und Lager bietet Ihnen \u00fcberall dort, wo Warenfl\u00fcsse \u00fcberwacht und gesteuert werden m\u00fcssen, eine leistungsf\u00e4hige und flexible L\u00f6sung. Telematik&hellip;<\/p>\n","protected":false},"author":1,"featured_media":0,"parent":0,"menu_order":0,"comment_status":"closed","ping_status":"closed","template":"","meta":{"footnotes":""},"class_list":["post-194","page","type-page","status-publish","hentry"],"yoast_head":"<!-- This site is optimized with the Yoast SEO plugin v27.5 - https:\/\/yoast.com\/product\/yoast-seo-wordpress\/ -->\n<title>Webinare und Schulungen der TIS GmbH | TISLOG Logistiksoftware<\/title>\n<meta name=\"description\" content=\"In den Webinaren und Schulungen der TIS GmbH erfahren Sie mehr \u00fcber die Bedienung und Tipps und Tricks zu unserer TISLOG Logistiksoftware\" \/>\n<meta name=\"robots\" content=\"index, follow, max-snippet:-1, max-image-preview:large, max-video-preview:-1\" \/>\n<link rel=\"canonical\" href=\"https:\/\/www.logistik-telematik.de\/de\/die-software-tislog-logistics-mobility\/\" \/>\n<meta property=\"og:locale\" content=\"de_DE\" \/>\n<meta property=\"og:type\" content=\"article\" \/>\n<meta property=\"og:title\" content=\"Webinare und Schulungen der TIS GmbH | TISLOG Logistiksoftware\" \/>\n<meta property=\"og:description\" content=\"In den Webinaren und Schulungen der TIS GmbH erfahren Sie mehr \u00fcber die Bedienung und Tipps und Tricks zu unserer TISLOG Logistiksoftware\" \/>\n<meta property=\"og:url\" content=\"https:\/\/www.logistik-telematik.de\/de\/die-software-tislog-logistics-mobility\/\" \/>\n<meta property=\"og:site_name\" content=\"Webinare und Schulungen der TIS GmbH\" \/>\n<meta property=\"article:modified_time\" content=\"2023-09-11T00:09:09+00:00\" \/>\n<meta name=\"twitter:card\" content=\"summary_large_image\" \/>\n<meta name=\"twitter:label1\" content=\"Gesch\u00e4tzte Lesezeit\" \/>\n\t<meta name=\"twitter:data1\" content=\"1\u00a0Minute\" \/>\n<script type=\"application\/ld+json\" class=\"yoast-schema-graph\">{\"@context\":\"https:\\\/\\\/schema.org\",\"@graph\":[{\"@type\":\"WebPage\",\"@id\":\"https:\\\/\\\/www.logistik-telematik.de\\\/de\\\/die-software-tislog-logistics-mobility\\\/\",\"url\":\"https:\\\/\\\/www.logistik-telematik.de\\\/de\\\/die-software-tislog-logistics-mobility\\\/\",\"name\":\"Webinare und Schulungen der TIS GmbH | TISLOG Logistiksoftware\",\"isPartOf\":{\"@id\":\"https:\\\/\\\/www.logistik-telematik.de\\\/#website\"},\"datePublished\":\"2018-07-26T20:06:55+00:00\",\"dateModified\":\"2023-09-11T00:09:09+00:00\",\"description\":\"In den Webinaren und Schulungen der TIS GmbH erfahren Sie mehr \u00fcber die Bedienung und Tipps und Tricks zu unserer TISLOG Logistiksoftware\",\"breadcrumb\":{\"@id\":\"https:\\\/\\\/www.logistik-telematik.de\\\/de\\\/die-software-tislog-logistics-mobility\\\/#breadcrumb\"},\"inLanguage\":\"de\",\"potentialAction\":[{\"@type\":\"ReadAction\",\"target\":[\"https:\\\/\\\/www.logistik-telematik.de\\\/de\\\/die-software-tislog-logistics-mobility\\\/\"]}]},{\"@type\":\"BreadcrumbList\",\"@id\":\"https:\\\/\\\/www.logistik-telematik.de\\\/de\\\/die-software-tislog-logistics-mobility\\\/#breadcrumb\",\"itemListElement\":[{\"@type\":\"ListItem\",\"position\":1,\"name\":\"Home\",\"item\":\"https:\\\/\\\/www.logistik-telematik.de\\\/de\\\/\"},{\"@type\":\"ListItem\",\"position\":2,\"name\":\"Die Software: TISLOG Logistics &#038; Mobility\"}]},{\"@type\":\"WebSite\",\"@id\":\"https:\\\/\\\/www.logistik-telematik.de\\\/#website\",\"url\":\"https:\\\/\\\/www.logistik-telematik.de\\\/\",\"name\":\"Webinare und Schulungen der TIS GmbH\",\"description\":\"My WordPress Blog\",\"potentialAction\":[{\"@type\":\"SearchAction\",\"target\":{\"@type\":\"EntryPoint\",\"urlTemplate\":\"https:\\\/\\\/www.logistik-telematik.de\\\/?s={search_term_string}\"},\"query-input\":{\"@type\":\"PropertyValueSpecification\",\"valueRequired\":true,\"valueName\":\"search_term_string\"}}],\"inLanguage\":\"de\"}]}<\/script>\n<!-- \/ Yoast SEO plugin. -->","yoast_head_json":{"title":"Webinare und Schulungen der TIS GmbH | TISLOG Logistiksoftware","description":"In den Webinaren und Schulungen der TIS GmbH erfahren Sie mehr \u00fcber die Bedienung und Tipps und Tricks zu unserer TISLOG Logistiksoftware","robots":{"index":"index","follow":"follow","max-snippet":"max-snippet:-1","max-image-preview":"max-image-preview:large","max-video-preview":"max-video-preview:-1"},"canonical":"https:\/\/www.logistik-telematik.de\/de\/die-software-tislog-logistics-mobility\/","og_locale":"de_DE","og_type":"article","og_title":"Webinare und Schulungen der TIS GmbH | TISLOG Logistiksoftware","og_description":"In den Webinaren und Schulungen der TIS GmbH erfahren Sie mehr \u00fcber die Bedienung und Tipps und Tricks zu unserer TISLOG Logistiksoftware","og_url":"https:\/\/www.logistik-telematik.de\/de\/die-software-tislog-logistics-mobility\/","og_site_name":"Webinare und Schulungen der TIS GmbH","article_modified_time":"2023-09-11T00:09:09+00:00","twitter_card":"summary_large_image","twitter_misc":{"Gesch\u00e4tzte Lesezeit":"1\u00a0Minute"},"schema":{"@context":"https:\/\/schema.org","@graph":[{"@type":"WebPage","@id":"https:\/\/www.logistik-telematik.de\/de\/die-software-tislog-logistics-mobility\/","url":"https:\/\/www.logistik-telematik.de\/de\/die-software-tislog-logistics-mobility\/","name":"Webinare und Schulungen der TIS GmbH | TISLOG Logistiksoftware","isPartOf":{"@id":"https:\/\/www.logistik-telematik.de\/#website"},"datePublished":"2018-07-26T20:06:55+00:00","dateModified":"2023-09-11T00:09:09+00:00","description":"In den Webinaren und Schulungen der TIS GmbH erfahren Sie mehr \u00fcber die Bedienung und Tipps und Tricks zu unserer TISLOG Logistiksoftware","breadcrumb":{"@id":"https:\/\/www.logistik-telematik.de\/de\/die-software-tislog-logistics-mobility\/#breadcrumb"},"inLanguage":"de","potentialAction":[{"@type":"ReadAction","target":["https:\/\/www.logistik-telematik.de\/de\/die-software-tislog-logistics-mobility\/"]}]},{"@type":"BreadcrumbList","@id":"https:\/\/www.logistik-telematik.de\/de\/die-software-tislog-logistics-mobility\/#breadcrumb","itemListElement":[{"@type":"ListItem","position":1,"name":"Home","item":"https:\/\/www.logistik-telematik.de\/de\/"},{"@type":"ListItem","position":2,"name":"Die Software: TISLOG Logistics &#038; Mobility"}]},{"@type":"WebSite","@id":"https:\/\/www.logistik-telematik.de\/#website","url":"https:\/\/www.logistik-telematik.de\/","name":"Webinare und Schulungen der TIS GmbH","description":"My WordPress Blog","potentialAction":[{"@type":"SearchAction","target":{"@type":"EntryPoint","urlTemplate":"https:\/\/www.logistik-telematik.de\/?s={search_term_string}"},"query-input":{"@type":"PropertyValueSpecification","valueRequired":true,"valueName":"search_term_string"}}],"inLanguage":"de"}]}},"_links":{"self":[{"href":"https:\/\/www.logistik-telematik.de\/de\/wp-json\/wp\/v2\/pages\/194","targetHints":{"allow":["GET"]}}],"collection":[{"href":"https:\/\/www.logistik-telematik.de\/de\/wp-json\/wp\/v2\/pages"}],"about":[{"href":"https:\/\/www.logistik-telematik.de\/de\/wp-json\/wp\/v2\/types\/page"}],"author":[{"embeddable":true,"href":"https:\/\/www.logistik-telematik.de\/de\/wp-json\/wp\/v2\/users\/1"}],"replies":[{"embeddable":true,"href":"https:\/\/www.logistik-telematik.de\/de\/wp-json\/wp\/v2\/comments?post=194"}],"version-history":[{"count":12,"href":"https:\/\/www.logistik-telematik.de\/de\/wp-json\/wp\/v2\/pages\/194\/revisions"}],"predecessor-version":[{"id":5452,"href":"https:\/\/www.logistik-telematik.de\/de\/wp-json\/wp\/v2\/pages\/194\/revisions\/5452"}],"wp:attachment":[{"href":"https:\/\/www.logistik-telematik.de\/de\/wp-json\/wp\/v2\/media?parent=194"}],"curies":[{"name":"wp","href":"https:\/\/api.w.org\/{rel}","templated":true}]}}